{"id":16,"date":"2016-04-20T11:44:52","date_gmt":"2016-04-20T11:44:52","guid":{"rendered":"http:\/\/hartmann-motorsport.de\/?page_id=16"},"modified":"2016-04-28T13:22:15","modified_gmt":"2016-04-28T13:22:15","slug":"datenschutz","status":"publish","type":"page","link":"https:\/\/hartmann-motorsport.de\/?page_id=16","title":{"rendered":"Datenschutz"},"content":{"rendered":"<p>Datenschutzerkl\u00e4rung<\/p>\n<p>Wir legen gr\u00f6\u00dften Wert auf den Schutz Ihrer Daten und die Wahrung Ihrer Privatsph\u00e4re. Nachstehend<br \/>\ninformieren wir Sie deshalb \u00fcber die Erhebung und Verwendung pers\u00f6nlicher Daten bei Nutzung unserer<br \/>\nWebseite.<\/p>\n<p>Anonyme Datenerhebung<br \/>\nSie k\u00f6nnen unsere Webseiten besuchen, ohne Angaben zu Ihrer Person zu machen. Wir speichern in diesem<br \/>\nZusammenhang keinerlei pers\u00f6nliche Daten. Um unser Angebot zu verbessern, werten wir lediglich<br \/>\nstatistische Daten aus, die keinen R\u00fcckschluss auf Ihre Person erlauben.<br \/>\nErhebung und Verarbeitung bei Nutzung des Kontaktformulars<br \/>\nBei Nutzung des Kontaktformulars erheben wir personenbezogene Daten (Einzelangaben \u00fcber pers\u00f6nliche<br \/>\noder sachliche Verh\u00e4ltnisse einer bestimmten oder bestimmbaren nat\u00fcrlichen Person) nur in dem von Ihnen<br \/>\nzur Verf\u00fcgung gestellten Umfang. Ihre Emailadresse nutzen wir nur zur Bearbeitung Ihrer Anfrage. Ihre Daten<br \/>\nwerden anschlie\u00dfend gel\u00f6scht, sofern Sie der weitergehenden Verarbeitung und Nutzung nicht zugestimmt<br \/>\nhaben.<\/p>\n<p>Weitergabe personenbezogener Daten<br \/>\nEine Weitergabe Ihrer Daten an Dritte ohne Ihre ausdr\u00fcckliche Einwilligung erfolgt nicht.<\/p>\n<p>Cookies<br \/>\nUnsere Internetseiten verwenden an mehreren Stellen so genannte Cookies. Cookies sind kleine Textdateien,<br \/>\ndie auf Ihrem Rechner abgelegt werden und die Ihr Browser speichert. Sie dienen dazu, unser Angebot<br \/>\nnutzerfreundlicher, effektiver und sicherer zu machen. Des Weiteren erm\u00f6glichen Cookies unseren<br \/>\nSystemen, Ihren Browser zu erkennen und Ihnen Services anzubieten. Cookies enthalten keine<br \/>\npersonenbezogenen Daten.<\/p>\n<p>Nutzung von Google Analytics<br \/>\nDiese Website benutzt Google Analytics, einen Webanalysedienst der Google Inc. (\u201eGoogle\u201c). Google<br \/>\nAnalytics verwendet sog. \u201eCookies\u201c, Textdateien, die auf Ihrem Computer gespeichert werden und die eine<br \/>\nAnalyse der Benutzung der Website durch Sie erm\u00f6glichen. Die durch den Cookie erzeugten Informationen<br \/>\n\u00fcber Ihre Benutzung dieser Website werden in der Regel an einen Server von Google in den USA \u00fcbertragen<br \/>\nund dort gespeichert. Im Falle der Aktivierung der IP-Anonymisierung auf dieser Webseite, wird Ihre<br \/>\nIP-Adresse von Google jedoch innerhalb von Mitgliedstaaten der Europ\u00e4ischen Union oder in anderen<br \/>\nVertragsstaaten des Abkommens \u00fcber den Europ\u00e4ischen Wirtschaftsraum zuvor gek\u00fcrzt. Nur in<br \/>\nAusnahmef\u00e4llen wird die volle IP-Adresse an einen Server von Google in den USA \u00fcbertragen und dort<br \/>\ngek\u00fcrzt. Im Auftrag des Betreibers dieser Website wird Google diese Informationen benutzen, um Ihre<br \/>\nNutzung der Website auszuwerten, um Reports \u00fcber die Websiteaktivit\u00e4ten zusammenzustellen und um<br \/>\nweitere mit der Websitenutzung und der Internetnutzung verbundene Dienstleistungen gegen\u00fcber dem<br \/>\nWebsitebetreiber zu erbringen. Die im Rahmen von Google Analytics von Ihrem Browser \u00fcbermittelte<br \/>\nIP-Adresse wird nicht mit anderen Daten von Google zusammengef\u00fchrt. Sie k\u00f6nnen die Speicherung der<br \/>\nCookies durch eine entsprechende Einstellung Ihrer Browser-Software verhindern; wir weisen Sie jedoch<br \/>\ndarauf hin, dass Sie in diesem Fall gegebenenfalls nicht s\u00e4mtliche Funktionen dieser Website vollumf\u00e4nglich<br \/>\nwerden nutzen k\u00f6nnen. Sie k\u00f6nnen dar\u00fcber hinaus die Erfassung der durch das Cookie erzeugten und auf<br \/>\nIhre Nutzung der Website bezogenen Daten (inkl. Ihrer IP-Adresse) an Google sowie die Verarbeitung dieser<br \/>\nDaten durch Google verhindern, indem sie das unter dem folgenden Link verf\u00fcgbare Browser-Plugin<br \/>\nherunterladen und installieren [http:\/\/tools.google.com\/dlpage\/gaoptout?hl=de].<\/p>\n<p>Verwendung von Facebook-Plugins<br \/>\nAuf diesen Internetseiten werden Plugins des sozialen Netzwerkes facebook.com verwendet, das von der<br \/>\nFacebook Inc., 1601 S. California Ave, Palo Alto, CA 94304, USA betrieben wird (\u201eFacebook\u201c ).<br \/>\nWenn Sie mit einen solchen Plugin versehene Internetseiten unserer Internetpr\u00e4senz aufrufen, wird eine<br \/>\nVerbindung zu den Facebook-Servern hergestellt und dabei das Plugin durch Mitteilung an Ihren Browser auf<br \/>\nder Internetseite dargestellt. Hierdurch wird an den Facebook-Server \u00fcbermittelt, welche unserer<br \/>\nInternetseiten Sie besucht haben. Sind Sie dabei als Mitglied bei Facebook eingeloggt, ordnet Facebook<br \/>\ndiese Information Ihrem pers\u00f6nlichen Facebook-Benutzerkonto zu. Bei der Nutzung der Plugin-Funktionen<br \/>\n(z.B. Anklicken des \u201eGef\u00e4llt mir\u201c-Buttons, Abgabe eines Kommentars) werden auch diese Informationen Ihrem<br \/>\nFacebook-Konto zugeordnet, was Sie nur durch Ausloggen vor Nutzung des Plugins verhindern k\u00f6nnen.<br \/>\nN\u00e4here Informationen zur Erhebung und Nutzung der Daten durch Facebook, \u00fcber Ihre diesbez\u00fcglichen<br \/>\nRechte und M\u00f6glichkeiten zum Schutz Ihrer Privatsph\u00e4re finden Sie in den Datenschutzhinweisen von<br \/>\nFacebook.<\/p>\n<p>Verwendung der Google \u201e+1\u201c-Schaltfl\u00e4che<br \/>\nAuf diesen Internetseiten wird die \u201e+1\u201c-Schaltfl\u00e4che des sozialen Netzwerkes Google Plus der Google Inc.,<br \/>\n1600 Amphitheatre Parkway, Mountain View, Kalifornien, 94043 USA, (nachfolgend \u201eGoogle\u201c) verwendet.<br \/>\nWenn Sie eine mit der \u201e+1\u201c-Schaltfl\u00e4che versehene Internetseite unserer Internetpr\u00e4senz aufrufen, wird eine<br \/>\nVerbindung zu den Google-Servern hergestellt und dabei die Schaltfl\u00e4che durch Mitteilung an Ihren Browser<br \/>\nauf der Internetseite dargestellt. Hierdurch wird an den Google-Server \u00fcbermittelt, welche unserer<br \/>\nInternetseiten Sie besucht haben. Die \u201e+1\u201c-Schaltfl\u00e4che wird nicht verwendet, um Ihre Besuche im Internet zu<br \/>\nerfassen. Google protokolliert beim Anzeigen einer \u201e+1\u201c-Schaltfl\u00e4che nicht dauerhaft Ihren Browserverlauf und<br \/>\nwertet Ihren Besuch auf einer Seite mit \u201e+1\u201c-Schaltfl\u00e4che auch nicht in anderer Weise aus. Google speichert<br \/>\netwa zwei Wochen Daten \u00fcber Ihren Besuch zu Systemwartungs- und Fehlerbehebungszwecken. Diese<br \/>\nDaten sind jedoch nicht nach individuellen Profilen, Nutzernamen oder URLs strukturiert und werden auch<br \/>\nnicht an uns weitergeleitet. Falls Sie bei Google Plus eingeloggt sind und die \u201e+1\u201c-Schaltfl\u00e4che bedienen<br \/>\nerfasst Google Informationen \u00fcber Ihr Google-Profil, die von Ihnen empfohlene URL, Ihre IP-Adresse und<br \/>\nandere browserbezogenen Informationen. Wenn Sie Ihre +1 zur\u00fccknehmen, werden diese Informationen<br \/>\ngel\u00f6scht.<br \/>\nFalls Sie in den Einstellungen von Google Plus Ihr Profil \u00f6ffentlich zug\u00e4nglich gemacht haben, k\u00f6nnen Ihre<br \/>\n\u201e+1\u201c von Google als Hinweise zusammen mit Ihrem Profilnamen und Ihrem Foto in Google-Diensten, wie etwa<br \/>\nin Suchergebnissen oder in Ihrem Google-Profil, oder an anderen Stellen auf Websites und Anzeigen im<br \/>\nInternet eingeblendet werden. Wenn Sie nicht m\u00f6chten, dass Google die gesammelten Informationen<br \/>\nunmittelbar Ihrem Google Plus Profil zuordnet, m\u00fcssen Sie sich vor dem Besuch unserer Seite bei Google<br \/>\nPlus ausloggen.<br \/>\nN\u00e4here Informationen zur Erhebung und Nutzung der Daten durch Google, \u00fcber Ihre diesbez\u00fcglichen Rechte<br \/>\nund M\u00f6glichkeiten zum Schutz Ihrer Privatsph\u00e4re finden Sie in den Datenschutzhinweisen von Google:<br \/>\nhttp:\/\/www.google.com\/intl\/de\/+\/policy\/+1button.html.<\/p>\n<p>Auskunft, Berichtigung, Sperrung und L\u00f6schung von Daten<br \/>\nSie haben jederzeit das Recht auf unentgeltliche Auskunft \u00fcber Ihre gespeicherten Daten sowie das Recht<br \/>\nauf Berichtigung, L\u00f6schung bzw. Sperrung. Kontaktieren Sie uns auf Wunsch. Die Kontaktdaten finden Sie in<br \/>\nunserem Impressum.<\/p>\n","protected":false},"excerpt":{"rendered":"<p>Datenschutzerkl\u00e4rung Wir legen gr\u00f6\u00dften Wert auf den Schutz Ihrer Daten und die Wahrung Ihrer Privatsph\u00e4re. Nachstehend informieren wir Sie deshalb \u00fcber die Erhebung und Verwendung pers\u00f6nlicher Daten bei Nutzung unserer Webseite. Anonyme Datenerhebung Sie k\u00f6nnen unsere Webseiten besuchen, ohne Angaben zu Ihrer Person zu machen. Wir speichern in diesem Zusammenhang keinerlei pers\u00f6nliche Daten. Um unser [&hellip;]<\/p>\n","protected":false},"author":1,"featured_media":0,"parent":0,"menu_order":5,"comment_status":"closed","ping_status":"closed","template":"","meta":{"footnotes":""},"class_list":["post-16","page","type-page","status-publish","hentry","post-preview"],"_links":{"self":[{"href":"https:\/\/hartmann-motorsport.de\/index.php?rest_route=\/wp\/v2\/pages\/16","targetHints":{"allow":["GET"]}}],"collection":[{"href":"https:\/\/hartmann-motorsport.de\/index.php?rest_route=\/wp\/v2\/pages"}],"about":[{"href":"https:\/\/hartmann-motorsport.de\/index.php?rest_route=\/wp\/v2\/types\/page"}],"author":[{"embeddable":true,"href":"https:\/\/hartmann-motorsport.de\/index.php?rest_route=\/wp\/v2\/users\/1"}],"replies":[{"embeddable":true,"href":"https:\/\/hartmann-motorsport.de\/index.php?rest_route=%2Fwp%2Fv2%2Fcomments&post=16"}],"version-history":[{"count":1,"href":"https:\/\/hartmann-motorsport.de\/index.php?rest_route=\/wp\/v2\/pages\/16\/revisions"}],"predecessor-version":[{"id":17,"href":"https:\/\/hartmann-motorsport.de\/index.php?rest_route=\/wp\/v2\/pages\/16\/revisions\/17"}],"wp:attachment":[{"href":"https:\/\/hartmann-motorsport.de\/index.php?rest_route=%2Fwp%2Fv2%2Fmedia&parent=16"}],"curies":[{"name":"wp","href":"https:\/\/api.w.org\/{rel}","templated":true}]}}