{"id":14,"date":"2016-04-20T11:44:24","date_gmt":"2016-04-20T11:44:24","guid":{"rendered":"http:\/\/hartmann-motorsport.de\/?page_id=14"},"modified":"2026-03-01T21:00:13","modified_gmt":"2026-03-01T21:00:13","slug":"impressum","status":"publish","type":"page","link":"https:\/\/hartmann-motorsport.de\/?page_id=14","title":{"rendered":"Impressum"},"content":{"rendered":"<p>Impressum:<br \/>\nGesetzliche Anbieterkennung zwischen Maas und Memel, Etsch und Belt (Zitteraal Merkel):<br \/>\nStaatenlos, da kein Vater Staat vorhanden ist. (Internationales Privatrecht freiheitlich Demokratischer Eigenbetrieb mit Sitz auf Helgoland, vormals Rothschild Nationalversammlung 1848 George Orwell, jetzt: konstitutionelle Anarchie.<\/p>\n<p>AGB 1791 Vater- Vorbehaltslos: Hexen &#8211; Einmaleins f\u00fcr \u00a7 0\u00a0 ALR 1794 und \u00a7 0 BGB.<br \/>\nDer Beg\u00fcnstigte haftet nicht f\u00fcr Unterschlagung und\/oder Vers\u00e4umnisse der Verfassung B &#8211; W, Art. 1 Art. 2 ex tunc zum 08.06.1990.<\/p>\n<p>Beg\u00fcnstigter Mensch:<br \/>\nEmpf\u00e4ngnisgeburt \u00a7 27 I. 1. Die Dt. Reichsverfassung 1907<br \/>\n\u00a7 0 ALR\u00a0 und \u00a7 0 BGB Teutsche Empf\u00e4ngnis Vorname\u00a0 ID. Seybold, v. 05.01.1966<br \/>\nDazu Individualrechtl. Nachname Knabe\/Mannsperson Klaus Oliver<\/p>\n<p>\u00a7 1 BGB geborener Hartmann (von 1563, aufgehoben)<br \/>\nGeb. am 12.10.1966<br \/>\nNamensrolle: Privat !<br \/>\nius Sanguinis: Privat !<br \/>\nius Soli: Schollentr\u00e4ger<br \/>\n(Der Niederkunftsbeutel wurde von Empf\u00e4ngnis Beutlin entnommen im &#8222;Gutglaubenserwerb&#8220;.<br \/>\nSeelenlose \u00a7 1923 \/2 BGB haften nach dem Fleisch- und Blutabwicklungsgesetz).<\/p>\n<p>Juristische Person des Kindes (assoziierte Macht \u00c4gypten), Reichsperson (umbenannt in Bund 1950).<br \/>\nNamenspapier Gegr\u00fcndet am 18.10.1966<br \/>\nKLAUS OLIVER HARTMANN \/ BUNDESREPUBLIK DEUTSCHLAND<br \/>\nvom fliegenden Holl\u00e4nder, BVA K\u00f6ln auf Schlangentr\u00e4ger, jetzt Helgoland als Gesamttr\u00e4ger<br \/>\nBearer Bond \/Inhaberschuldverschreibung \u00a7 793 BGB Namenspapier<br \/>\nVorname: Klaus Oliver, Namensgleich zum Urheber &#8211; Nachname d.I. Klaus Oliver<\/p>\n<p>Eigner der Marke Hartmann Motorsport<\/p>\n<p>Walckerstra\u00dfe Geb\u00e4ude 3<br \/>\nGemeinde Kannstatt<br \/>\nScholle W\u00fcrttemberg (Grundbuchmutterrolle)<br \/>\nGermany \/ Germania<\/p>\n<p>Telefon: +49 (0) 176 \/ 96354642<br \/>\nE-Mail: Beutlin[at]hartmann-motorsport[dot]de<\/p>\n<p>Gerichtsstand:<br \/>\nBeklagter Treuhandbetr\u00fcger, wegen Ableitung: London Branch in Frankfurt am Main<br \/>\nMilit\u00e4rgericht: Generalanwalt zu Frankfurt am Main.<br \/>\nDie Generalanwaltschaft der Hauptsiegermacht \u00fcber Berlin.<\/p>\n<p>rechtliche Hinweise zur Webseite:<\/p>\n<p>Alle Texte, Bilder und weiter hier ver\u00f6ffentlichten Informationen unterliegen dem Urheberrecht des Anbieters. Urheberrechte Dritter bestehen nur gegen\u00fcber Teutschen im Einzelfall. In jedem Fall ist eine Vervielf\u00e4ltigung, Verbreitung oder \u00f6ffentliche Wiedergabe ausschlie\u00dflich im Falle einer widerruflichen und nicht \u00fcbertragbaren Zustimmung des Anbieters gestattet.<br \/>\nF\u00fcr alle mittels Querverweis (Link) verbundenen Webinhalte \u00fcbernimmt der Anbieter keine Verantwortung, da es sich hierbei nicht um eigene Inhalte handelt. Die verlinkten Seiten wurden auf rechtswidrige Inhalte \u00fcberpr\u00fcft, zum Zeitpunkt der Verlinkung waren solche nicht erkennbar. Verantwortlich f\u00fcr den Inhalt der verlinkten Seiten ist deren Betreiber. Der Anbieter hat hierzu keine allgemeine \u00dcberwachungs- und Pr\u00fcfungspflicht. Bei Bekanntwerden einer Rechtsverletzung wird der entsprechende Link jedoch umgehend entfernt.<\/p>\n<p>Die Deutsche Staatsangeh\u00f6rigkeit leitet sich \u00fcber die &#8222;m\u00e4nnliche Linie&#8220; ab (fr\u00fcher beschlagnahmte Handwerksbetriebe.. z.B. M\u00fchle = be- oder ge- rufener M\u00fcller etc.).<\/p>\n<p>Zur Sicherung der Namensrechte der m\u00fctterlichen Empf\u00e4ngnis wurde dem Hof und Dom\u00e4nenrat<br \/>\nJohann Georg Hartmann eine immaterielle physische Person (nur Empf\u00e4ngnis) Beutlin in Form eines redenden Familienwappen 1785 in den Namen gelegt. Es d\u00fcrfte wohl zweifelsfrei sein, da\u00df es sich um die Hochseeinsel Helgoland handelt. Alle folgenden Hartm\u00e4nner hatten zu Gunsten im Zeitenschiff des Pluto &#8211; Cazimi verzichtet bis zum Jahr des Feuerpferdes und der Planetenparade.<\/p>\n","protected":false},"excerpt":{"rendered":"<p>Impressum: Gesetzliche Anbieterkennung zwischen Maas und Memel, Etsch und Belt (Zitteraal Merkel): Staatenlos, da kein Vater Staat vorhanden ist. (Internationales Privatrecht freiheitlich Demokratischer Eigenbetrieb mit Sitz auf Helgoland, vormals Rothschild Nationalversammlung 1848 George Orwell, jetzt: konstitutionelle Anarchie. AGB 1791 Vater- Vorbehaltslos: Hexen &#8211; Einmaleins f\u00fcr \u00a7 0\u00a0 ALR 1794 und \u00a7 0 BGB. Der Beg\u00fcnstigte [&hellip;]<\/p>\n","protected":false},"author":1,"featured_media":0,"parent":0,"menu_order":4,"comment_status":"closed","ping_status":"closed","template":"","meta":{"footnotes":""},"class_list":["post-14","page","type-page","status-publish","hentry","post-preview"],"_links":{"self":[{"href":"https:\/\/hartmann-motorsport.de\/index.php?rest_route=\/wp\/v2\/pages\/14","targetHints":{"allow":["GET"]}}],"collection":[{"href":"https:\/\/hartmann-motorsport.de\/index.php?rest_route=\/wp\/v2\/pages"}],"about":[{"href":"https:\/\/hartmann-motorsport.de\/index.php?rest_route=\/wp\/v2\/types\/page"}],"author":[{"embeddable":true,"href":"https:\/\/hartmann-motorsport.de\/index.php?rest_route=\/wp\/v2\/users\/1"}],"replies":[{"embeddable":true,"href":"https:\/\/hartmann-motorsport.de\/index.php?rest_route=%2Fwp%2Fv2%2Fcomments&post=14"}],"version-history":[{"count":10,"href":"https:\/\/hartmann-motorsport.de\/index.php?rest_route=\/wp\/v2\/pages\/14\/revisions"}],"predecessor-version":[{"id":105,"href":"https:\/\/hartmann-motorsport.de\/index.php?rest_route=\/wp\/v2\/pages\/14\/revisions\/105"}],"wp:attachment":[{"href":"https:\/\/hartmann-motorsport.de\/index.php?rest_route=%2Fwp%2Fv2%2Fmedia&parent=14"}],"curies":[{"name":"wp","href":"https:\/\/api.w.org\/{rel}","templated":true}]}}